{"id":723,"date":"2025-05-11T16:57:18","date_gmt":"2025-05-11T16:57:18","guid":{"rendered":"https:\/\/khaki-partridge-686409.hostingersite.com\/?page_id=723"},"modified":"2025-05-14T11:54:04","modified_gmt":"2025-05-14T11:54:04","slug":"shipping-policy-trytre","status":"publish","type":"page","link":"https:\/\/modernshopping.shop\/de\/shipping-policy-trytre\/","title":{"rendered":"Versandpolitik trytre"},"content":{"rendered":"<div data-elementor-type=\"wp-page\" data-elementor-id=\"723\" class=\"elementor elementor-723\" data-elementor-post-type=\"page\">\n\t\t\t\t<div class=\"elementor-element elementor-element-af8a5e3 e-flex e-con-boxed e-con e-parent\" data-id=\"af8a5e3\" data-element_type=\"container\" data-e-type=\"container\" data-settings=\"{&quot;ekit_has_onepagescroll_dot&quot;:&quot;yes&quot;}\">\n\t\t\t\t\t<div class=\"e-con-inner\">\n\t\t\t\t<div class=\"elementor-element elementor-element-5a0a4d8 elementor-widget elementor-widget-html\" data-id=\"5a0a4d8\" data-element_type=\"widget\" data-e-type=\"widget\" data-settings=\"{&quot;ekit_we_effect_on&quot;:&quot;none&quot;}\" data-widget_type=\"html.default\">\n\t\t\t\t<div class=\"elementor-widget-container\">\n\t\t\t\t\t<div class=\"shipping-container\">\n  <p class=\"shipping-title\"><strong>Versandpolitik<\/strong><\/p>\n\n  <h2>Wann wird meine erste Box verschickt?<\/h2>\n  <p>Ihre erste Box wird versandt, sobald unser Fulfillment-Team Ihre Bestellung bearbeitet hat. Alle weiteren Boxen werden zwischen der zweiten und dritten Woche eines jeden Monats verschickt.<\/p>\n  <p>Hinweis: Bei Monatsabonnements ist der 25. des Monats der Stichtag f\u00fcr den Erhalt der Box des n\u00e4chsten Monats. Wenn Sie sich nach dem 25. anmelden, erfolgt Ihre n\u00e4chste Abrechnung am 1. des \u00fcbern\u00e4chsten Monats. Wenn Sie sich zum Beispiel am 28. Januar anmelden, erfolgt die n\u00e4chste Abrechnung am 1. M\u00e4rz.<\/p>\n  <p>Bei vorausbezahlten 3-, 6- oder 12-monatigen Abonnements ist der Stichtag der 20. des Monats.<\/p>\n  <p>Wenn Sie eine fr\u00fchere Abrechnung w\u00fcnschen, damit Sie keinen Monat auslassen, senden Sie uns eine E-Mail an <a href=\"mailto:hello@trytreats.com\">hello@trytreats.com<\/a>.<\/p>\n\n  <h2>Ist der Versand in die Vereinigten Staaten kostenlos?<\/h2>\n  <p>Ja, der Versand ist an alle U.S. Adressen kostenlos.<\/p>\n\n  <h2>Versenden Sie weltweit?<\/h2>\n  <p>Ja, das tun wir! Es gelten internationale Versandtarife, und wir bezuschussen einen Teil der Versandkosten, um Ihre Kosten zu senken.<\/p>\n\n\n\n  <h2>Wie oft erhalte ich eine Lieferung von Treats?<\/h2>\n  <p>Sie erhalten jeden Monat eine Box. Ihre erste wird so schnell wie m\u00f6glich verschickt, und die weiteren Boxen werden zwischen der 2. und 3. Woche jedes Monats verschickt.<\/p>\n\n  <h2>Liefern Sie an APO\/FPO\/DPO\/MPO-Adressen?<\/h2>\n  <p>Leider nein. Einige Produkte enthalten Nebenprodukte aus Schweinefleisch, die nicht an diese Adressen versandt werden k\u00f6nnen.<\/p>\n\n  <h2>Wie kann ich meine Lieferadresse \u00e4ndern?<\/h2>\n  <p>Loggen Sie sich in Ihr Treats-Konto ein, gehen Sie auf Ihre Kontoseite und scrollen Sie zu \u201cLieferadresse\u201d. Klicken Sie auf \u201cBearbeiten\u201d, aktualisieren Sie Ihre Angaben und speichern Sie die \u00c4nderungen.<\/p>\n\n  <h2>Wie lange dauert der Versand?<\/h2>\n  <p><strong>Vereinigte Staaten:<\/strong> Pakete werden per USPS First Class Mail oder FedEx SmartPost verschickt und k\u00f6nnen einige Tage bis einige Wochen dauern.<\/p>\n  <p><strong>International:<\/strong> Pakete werden per USPS First Class International, International Priority Airmail oder FedEx CrossBorders verschickt. Die Zustellung kann je nach lokalen Verz\u00f6gerungen 1-4 Wochen oder l\u00e4nger dauern.<\/p>\n  <p>F\u00fcr einige L\u00e4nder ist eine Sendungsverfolgung verf\u00fcgbar. Sollten Probleme auftreten, kontaktieren Sie uns unter <a href=\"mailto:hello@trytreats.com\">hello@trytreats.com<\/a> f\u00fcr Hilfe.<\/p>\n<\/div>\t\t\t\t<\/div>\n\t\t\t\t<\/div>\n\t\t\t\t\t<\/div>\n\t\t\t\t<\/div>\n\t\t\t\t<\/div>","protected":false},"excerpt":{"rendered":"<p>Shipping Policy When will my first box be shipped? Your first box will be shipped as soon as our fulfillment&#8230;<\/p>","protected":false},"author":1,"featured_media":0,"parent":0,"menu_order":0,"comment_status":"closed","ping_status":"closed","template":"","meta":{"_acf_changed":false,"footnotes":""},"class_list":["post-723","page","type-page","status-publish","hentry"],"acf":[],"_hostinger_reach_plugin_has_subscription_block":false,"_hostinger_reach_plugin_is_elementor":false,"_links":{"self":[{"href":"https:\/\/modernshopping.shop\/de\/wp-json\/wp\/v2\/pages\/723","targetHints":{"allow":["GET"]}}],"collection":[{"href":"https:\/\/modernshopping.shop\/de\/wp-json\/wp\/v2\/pages"}],"about":[{"href":"https:\/\/modernshopping.shop\/de\/wp-json\/wp\/v2\/types\/page"}],"author":[{"embeddable":true,"href":"https:\/\/modernshopping.shop\/de\/wp-json\/wp\/v2\/users\/1"}],"replies":[{"embeddable":true,"href":"https:\/\/modernshopping.shop\/de\/wp-json\/wp\/v2\/comments?post=723"}],"version-history":[{"count":7,"href":"https:\/\/modernshopping.shop\/de\/wp-json\/wp\/v2\/pages\/723\/revisions"}],"predecessor-version":[{"id":1204,"href":"https:\/\/modernshopping.shop\/de\/wp-json\/wp\/v2\/pages\/723\/revisions\/1204"}],"wp:attachment":[{"href":"https:\/\/modernshopping.shop\/de\/wp-json\/wp\/v2\/media?parent=723"}],"curies":[{"name":"wp","href":"https:\/\/api.w.org\/{rel}","templated":true}]}}